{"id":8,"date":"2021-12-17T09:06:27","date_gmt":"2021-12-17T08:06:27","guid":{"rendered":"https:\/\/soleil-rewal.pl\/?page_id=8"},"modified":"2026-03-12T12:19:25","modified_gmt":"2026-03-12T11:19:25","slug":"o-nas","status":"publish","type":"page","link":"https:\/\/soleil-rewal.pl\/cz\/","title":{"rendered":"O n\u00e1s"},"content":{"rendered":"<section id=\"section-311-8\" class=\"ct-section\" ><div class=\"ct-section-inner-wrap\"><div id=\"div_block-897-8\" class=\"ct-div-block video\" ><div id=\"code_block-898-8\" class=\"ct-code-block\" ><div style=\"overflow:hidden;height:100%\">\n  <video autoplay loop muted playsinline style=\"width:100%;height:100%;object-fit:cover\">\n    <source src=\"https:\/\/soleil-rewal.pl\/wp-content\/uploads\/2022\/04\/Rewal.mp4\" type=\"video\/mp4\">\n  <\/video>\n<\/div><\/div><div id=\"div_block-902-8\" class=\"ct-div-block hero-overlay\" ><\/div><\/div><div id=\"div_block-97-8\" class=\"ct-div-block\" ><div id=\"div_block-1071-8\" class=\"ct-div-block\" ><div id=\"div_block-1072-8\" class=\"ct-div-block vertical-top vertical\" ><\/div><div id=\"text_block-1209-8\" class=\"ct-text-block hero-title\" >Soleil Reval<\/div><div id=\"div_block-1076-8\" class=\"ct-div-block vertical-bottom vertical\" ><\/div><\/div><\/div><a id=\"div_block-857-8\" class=\"ct-link pointer read_more\" href=\"#onas\"   ><div id=\"text_block-861-8\" class=\"ct-text-block\" >\u010dt\u011bte v\u00edce<\/div><div id=\"fancy_icon-862-8\" class=\"ct-fancy-icon\" ><svg id=\"svg-fancy_icon-862-8\"><use xlink:href=\"#strza\u0142kiicon-chevron-down\"><\/use><\/svg><\/div><\/a><\/div><\/section><section id=\"onas\" class=\"ct-section section\" ><div class=\"ct-section-inner-wrap\"><div id=\"div_block-1118-8\" class=\"ct-div-block w50 imgContainer\" ><div id=\"div_block-1119-8\" class=\"ct-div-block about-imgBig\" ><img decoding=\"async\"  id=\"image-1120-8\" alt=\"\" src=\"https:\/\/soleil-rewal.pl\/wp-content\/uploads\/2022\/04\/min2.jpg\" class=\"ct-image cover-image\"\/><\/div><div id=\"div_block-1121-8\" class=\"ct-div-block about-imgSmall\" ><img decoding=\"async\"  id=\"image-1122-8\" alt=\"\" src=\"https:\/\/soleil-rewal.pl\/wp-content\/uploads\/2022\/05\/Soleil-Img.jpg\" class=\"ct-image cover-image\"\/><\/div><\/div><div id=\"div_block-1123-8\" class=\"ct-div-block w50 textContainer\" ><div id=\"text_block-1124-8\" class=\"ct-text-block subtitle\" >O n\u00e1s<\/div><div id=\"text_block-1125-8\" class=\"ct-text-block title\" >Resort Soleil<\/div><div id=\"text_block-1126-8\" class=\"ct-text-block txt\" >Nab\u00edz\u00edme V\u00e1m str\u00e1vit dovolenou v intimn\u00edm SOLEIL Resort &amp; SPA.<br>P\u0159\u00edjemn\u00e1 rodinn\u00e1 atmosf\u00e9ra, chutn\u00e1 dom\u00e1c\u00ed j\u00eddla a spousta atrakc\u00ed zajist\u00ed \u00fasp\u011b\u0161n\u00fd pobyt.<br>Zveme V\u00e1s bez ohledu na ro\u010dn\u00ed obdob\u00ed na rodinn\u00e9 pobyty, velikono\u010dn\u00ed sv\u00e1tky, ak\u010dn\u00ed bal\u00ed\u010dky a obchodn\u00ed jedn\u00e1n\u00ed a konference.<\/div><div id=\"div_block-1127-8\" class=\"ct-div-block\" ><div id=\"text_block-1128-8\" class=\"ct-text-block\" >Jste srde\u010dn\u011b zv\u00e1ni<\/div><div id=\"text_block-1129-8\" class=\"ct-text-block\" >Rodina Gandursk\u00fdch<\/div><\/div><\/div><\/div><\/section><section id=\"section-764-8\" class=\"ct-section\" style=\"background-image:linear-gradient(rgba(255,255,255,0.9), rgba(255,255,255,0.9)), url(https:\/\/soleil-rewal.pl\/wp-content\/uploads\/2022\/02\/Frame-1-19.jpg);background-size:auto,  cover;\" ><div class=\"ct-section-inner-wrap\"><div id=\"div_block-837-8\" class=\"ct-div-block\" ><div id=\"div_block-789-8\" class=\"ct-div-block\" ><div id=\"text_block-790-8\" class=\"ct-text-block\" >Soleil Reval<\/div><div id=\"text_block-791-8\" class=\"ct-text-block title\" >Vybaven\u00ed<\/div><\/div><div id=\"div_block-792-8\" class=\"ct-div-block\" ><div id=\"_rich_text-798-8\" class=\"oxy-rich-text txt\" ><p>V are\u00e1lu na\u0161eho SOLEIL Resort &amp; SPA je k dispozici bezplatn\u00e9 uzav\u0159en\u00e9 parkovi\u0161t\u011b, d\u00e1le gar\u00e1\u017e, v\u00fdtah, d\u011btsk\u00e9 h\u0159i\u0161t\u011b a pingpongov\u00fd st\u016fl.<\/p><\/div><\/div><div id=\"div_block-794-8\" class=\"ct-div-block\" ><div id=\"div_block-799-8\" class=\"ct-div-block icon-box-vertical\" ><div id=\"fancy_icon-800-8\" class=\"ct-fancy-icon icon-vertical\" ><svg id=\"svg-fancy_icon-800-8\"><use xlink:href=\"#SetIconsicon-icon141glyph_swimming-pool\"><\/use><\/svg><\/div><div id=\"text_block-801-8\" class=\"ct-text-block icon-title-vertical\" >Baz\u00e9n<\/div><\/div><div id=\"div_block-804-8\" class=\"ct-div-block icon-box-vertical\" ><div id=\"fancy_icon-805-8\" class=\"ct-fancy-icon icon-vertical\" ><svg id=\"svg-fancy_icon-805-8\"><use xlink:href=\"#FontAwesomeicon-wifi\"><\/use><\/svg><\/div><div id=\"text_block-806-8\" class=\"ct-text-block icon-title-vertical\" >Internet ve ve\u0159ejn\u00fdch prostor\u00e1ch<\/div><\/div><div id=\"div_block-807-8\" class=\"ct-div-block icon-box-vertical\" ><div id=\"fancy_icon-808-8\" class=\"ct-fancy-icon icon-vertical\" ><svg id=\"svg-fancy_icon-808-8\"><use xlink:href=\"#SetIconsicon-breakfast-included1\"><\/use><\/svg><\/div><div id=\"text_block-809-8\" class=\"ct-text-block icon-title-vertical\" >Restaurace<\/div><\/div><div id=\"div_block-810-8\" class=\"ct-div-block icon-box-vertical\" ><div id=\"fancy_icon-811-8\" class=\"ct-fancy-icon icon-vertical\" ><svg id=\"svg-fancy_icon-811-8\"><use xlink:href=\"#SetIconsicon-cocktail-coconut\"><\/use><\/svg><\/div><div id=\"text_block-812-8\" class=\"ct-text-block icon-title-vertical\" >Bar<\/div><\/div><div id=\"div_block-813-8\" class=\"ct-div-block icon-box-vertical\" ><div id=\"fancy_icon-814-8\" class=\"ct-fancy-icon icon-vertical\" ><svg id=\"svg-fancy_icon-814-8\"><use xlink:href=\"#FontAwesomeicon-dollar\"><\/use><\/svg><\/div><div id=\"text_block-815-8\" class=\"ct-text-block icon-title-vertical\" >Parkov\u00e1n\u00ed zdarma a pobytov\u00e1 taxa v cen\u011b<\/div><\/div><div id=\"div_block-816-8\" class=\"ct-div-block icon-box-vertical\" ><div id=\"fancy_icon-817-8\" class=\"ct-fancy-icon icon-vertical\" ><svg id=\"svg-fancy_icon-817-8\"><use xlink:href=\"#FontAwesomeicon-smile-o\"><\/use><\/svg><\/div><div id=\"text_block-818-8\" class=\"ct-text-block icon-title-vertical\" >Kule\u010dn\u00edkov\u00fd s\u00e1l<br><\/div><\/div><div id=\"div_block-1181-8\" class=\"ct-div-block icon-box-vertical\" ><div id=\"fancy_icon-1182-8\" class=\"ct-fancy-icon icon-vertical\" ><svg id=\"svg-fancy_icon-1182-8\"><use xlink:href=\"#SetIconsicon-Artboard-51\"><\/use><\/svg><\/div><div id=\"text_block-1183-8\" class=\"ct-text-block icon-title-vertical\" >Pingpongov\u00fd st\u016fl<\/div><\/div><div id=\"div_block-1184-8\" class=\"ct-div-block icon-box-vertical\" ><div id=\"fancy_icon-1185-8\" class=\"ct-fancy-icon icon-vertical\" ><svg id=\"svg-fancy_icon-1185-8\"><use xlink:href=\"#FontAwesomeicon-futbol-o\"><\/use><\/svg><\/div><div id=\"text_block-1186-8\" class=\"ct-text-block icon-title-vertical\" >Fosballov\u00fd st\u016fl<\/div><\/div><div id=\"div_block-819-8\" class=\"ct-div-block icon-box-vertical\" ><div id=\"fancy_icon-820-8\" class=\"ct-fancy-icon icon-vertical\" ><svg id=\"svg-fancy_icon-820-8\"><use xlink:href=\"#SetIconsicon-jacuzzi\"><\/use><\/svg><\/div><div id=\"text_block-821-8\" class=\"ct-text-block icon-title-vertical\" >Jacuzzi &amp; Sauna<\/div><\/div><div id=\"div_block-822-8\" class=\"ct-div-block icon-box-vertical\" ><div id=\"fancy_icon-823-8\" class=\"ct-fancy-icon icon-vertical\" ><svg id=\"svg-fancy_icon-823-8\"><use xlink:href=\"#FontAwesomeicon-group\"><\/use><\/svg><\/div><div id=\"text_block-824-8\" class=\"ct-text-block icon-title-vertical\" >Konferen\u010dn\u00ed m\u00edstnost<\/div><\/div><div id=\"div_block-1175-8\" class=\"ct-div-block icon-box-vertical\" ><div id=\"fancy_icon-1176-8\" class=\"ct-fancy-icon icon-vertical\" ><svg id=\"svg-fancy_icon-1176-8\"><use xlink:href=\"#FontAwesomeicon-paw\"><\/use><\/svg><\/div><div id=\"text_block-1177-8\" class=\"ct-text-block icon-title-vertical\" >P\u0159ij\u00edm\u00e1me dom\u00e1c\u00ed mazl\u00ed\u010dky<\/div><\/div><div id=\"div_block-1178-8\" class=\"ct-div-block icon-box-vertical\" ><div id=\"fancy_icon-1179-8\" class=\"ct-fancy-icon icon-vertical\" ><svg id=\"svg-fancy_icon-1179-8\"><use xlink:href=\"#FontAwesomeicon-user-md\"><\/use><\/svg><\/div><div id=\"text_block-1180-8\" class=\"ct-text-block icon-title-vertical\" >Mo\u017enost vyu\u017e\u00edt nab\u00eddku fyzioterapie<\/div><\/div><\/div><\/div><\/div><\/section><section id=\"section-1030-8\" class=\"ct-section\" ><div class=\"ct-section-inner-wrap\"><div id=\"text_block-1031-8\" class=\"ct-text-block subtitle\" >PERFEKTN\u00cd M\u00cdSTO PRO KA\u017dD\u00c9HO<\/div><div id=\"text_block-1032-8\" class=\"ct-text-block title\" >Resort Soleil<\/div><div id=\"div_block-1034-8\" class=\"ct-div-block\"  data-aos=\"fade-up\" data-aos-duration=\"1200\"><a id=\"div_block-1035-8\" class=\"ct-link offert-tile\" href=\"https:\/\/soleil-rewal.pl\/wp-content\/uploads\/2022\/06\/Fizjoterapia-pionowa-mewa-kozak-2022.pdf\" target=\"_blank\"  ><div id=\"div_block-1036-8\" class=\"ct-div-block offert-tile-img\" ><img decoding=\"async\"  id=\"image-1037-8\" alt=\"\" src=\"https:\/\/soleil-rewal.pl\/wp-content\/uploads\/2022\/04\/spa.webp\" class=\"ct-image cover-image\"\/><\/div><div id=\"div_block-1038-8\" class=\"ct-div-block offert-details\" ><div id=\"text_block-1039-8\" class=\"ct-text-block offert-subtite\" >Fyzioterapeutick\u00e9 o\u0161et\u0159en\u00ed<\/div><div id=\"text_block-1040-8\" class=\"ct-text-block offert-title\" >L\u00e1zn\u011b<\/div><div id=\"div_block-1041-8\" class=\"ct-div-block details-hidden\" ><div id=\"text_block-1042-8\" class=\"ct-text-block txt hidden\" >Na\u0161i host\u00e9 maj\u00ed mo\u017enost vyu\u017e\u00edt nav\u00edc placen\u00e9 fyzioterapeutick\u00e9 procedury.<\/div><\/div><\/div><div id=\"div_block-1044-8\" class=\"ct-div-block offert-overlay\" ><\/div><\/a><div id=\"div_block-1045-8\" class=\"ct-div-block offert-tile\" ><div id=\"div_block-1046-8\" class=\"ct-div-block offert-tile-img\" ><img decoding=\"async\"  id=\"image-1047-8\" alt=\"\" src=\"https:\/\/soleil-rewal.pl\/wp-content\/uploads\/2022\/04\/conferenece.jpg\" class=\"ct-image cover-image\"\/><\/div><div id=\"div_block-1048-8\" class=\"ct-div-block offert-details\" ><div id=\"text_block-1049-8\" class=\"ct-text-block offert-subtite\" >Pro firmy<\/div><div id=\"text_block-1050-8\" class=\"ct-text-block offert-title\" ><div><span style=\"background-color: transparent;\">Konferen\u010dn\u00ed m\u00edstnost<\/span><\/div><\/div><div id=\"div_block-1051-8\" class=\"ct-div-block details-hidden\" ><div id=\"text_block-1052-8\" class=\"ct-text-block txt hidden\" >Uspo\u0159\u00e1d\u00e1me setk\u00e1n\u00ed, kter\u00e9 v\u00e1m z\u016fstane dlouho v pam\u011bti. M\u00edstnost pro 30 nebo dokonce 80 osob.<br><\/div><\/div><\/div><div id=\"div_block-1054-8\" class=\"ct-div-block offert-overlay\" ><\/div><\/div><a id=\"div_block-1055-8\" class=\"ct-link offert-tile\" href=\"https:\/\/soleil-rewal.pl\/cz\/oferty_specjalne\/wielkanoc\/\"   ><div id=\"div_block-1056-8\" class=\"ct-div-block offert-tile-img\" ><img decoding=\"async\"  id=\"image-1057-8\" alt=\"\" src=\"https:\/\/soleil-rewal.pl\/wp-content\/uploads\/2022\/05\/20170416_143916-1-min.jpg\" class=\"ct-image cover-image\"\/><\/div><div id=\"div_block-1058-8\" class=\"ct-div-block offert-details\" ><div id=\"text_block-1059-8\" class=\"ct-text-block offert-subtite\" >Bal\u00ed\u010dky<\/div><div id=\"text_block-1060-8\" class=\"ct-text-block offert-title\" >Speci\u00e1ln\u00ed nab\u00eddky<\/div><div id=\"div_block-1061-8\" class=\"ct-div-block details-hidden\" ><div id=\"text_block-1062-8\" class=\"ct-text-block txt hidden\" >Pod\u00edvejte se na na\u0161i nab\u00eddku ubytov\u00e1n\u00ed<br><\/div><\/div><\/div><div id=\"div_block-1064-8\" class=\"ct-div-block offert-overlay\" ><\/div><\/a><\/div><\/div><\/section><section id=\"section-1001-8\" class=\"ct-section\" style=\"background-image:linear-gradient(rgba(255,255,255,0.84), rgba(255,255,255,0.84)), url(https:\/\/soleil-rewal.pl\/wp-content\/uploads\/2022\/02\/Frame-1-19.jpg);background-size:auto,  cover;\" ><div class=\"ct-section-inner-wrap\"><div id=\"div_block-1003-8\" class=\"ct-div-block w60\" ><div id=\"div_block-1007-8\" class=\"ct-div-block\" ><div id=\"text_block-1008-8\" class=\"ct-text-block subtitle\" >J\u00eddelna<\/div><div id=\"text_block-1009-8\" class=\"ct-text-block title\" >J\u00eddlo<\/div><div id=\"new_columns-1013-8\" class=\"ct-new-columns\" ><div id=\"div_block-1014-8\" class=\"ct-div-block\" ><div id=\"text_block-1016-8\" class=\"ct-text-block txt\" >SOLEIL Resort &amp; SPA disponuje j\u00eddelnou, kde nab\u00edz\u00edme stravov\u00e1n\u00ed pro hosty ubytovan\u00e9 v na\u0161em za\u0159\u00edzen\u00ed i v bl\u00edzk\u00e9m okol\u00ed.&nbsp;<\/div><\/div><div id=\"div_block-1015-8\" class=\"ct-div-block\" ><div id=\"text_block-1018-8\" class=\"ct-text-block txt\" >Nab\u00edz\u00edme sn\u00eddan\u011b, ob\u011bdy a ve\u010de\u0159e. \u010casy j\u00eddel jsou flexibiln\u00ed - sna\u017e\u00edme se je p\u0159izp\u016fsobit o\u010dek\u00e1v\u00e1n\u00edm na\u0161ich host\u016f.<\/div><\/div><\/div><a id=\"link_text-1166-8\" class=\"ct-link-text btn\" href=\"\/wp-content\/uploads\/2026\/03\/Wielkanocna-oferta-cateringowa-2026r.pdf\" target=\"_blank\"  >Wielkanocna oferta Cateringowa<\/a><\/div><\/div><div id=\"div_block-1004-8\" class=\"ct-div-block w40\" ><div id=\"div_block-1005-8\" class=\"ct-div-block\"  data-aos=\"fade\" data-aos-duration=\"900\"><img decoding=\"async\"  id=\"image-1006-8\" alt=\"\" src=\"https:\/\/soleil-rewal.pl\/wp-content\/uploads\/2022\/05\/20170701_081524-3-min.jpg\" class=\"ct-image cover-image\"\/><\/div><\/div><\/div><\/section><section id=\"section-1083-8\" class=\"ct-section okolica\" ><div class=\"ct-section-inner-wrap\"><div id=\"div_block-1154-8\" class=\"ct-div-block w50 imgContainer\" ><div id=\"div_block-1155-8\" class=\"ct-div-block about-imgBig\" ><img decoding=\"async\"  id=\"image-1156-8\" alt=\"\" src=\"https:\/\/soleil-rewal.pl\/wp-content\/uploads\/2022\/05\/132_soleil-szczecinska_fot-t-stolz_2018_min.jpg\" class=\"ct-image cover-image\"\/><\/div><div id=\"div_block-1157-8\" class=\"ct-div-block about-imgSmall\" ><div id=\"code_block-1159-8\" class=\"ct-code-block\" ><video autoplay=\"\" loop=\"\" muted=\"\" playsinline=\"\" style=\"width:100%;height:100%;object-fit:cover\">\n    <source src=\"https:\/\/soleil-rewal.pl\/wp-content\/uploads\/2022\/04\/87_syda_vid_005591.mp4\" type=\"video\/mp4\">\n <\/video><\/div><\/div><\/div><div id=\"div_block-1089-8\" class=\"ct-div-block w50 textContainer\" ><div id=\"text_block-1090-8\" class=\"ct-text-block subtitle\" >Zaj\u00edmavosti<\/div><div id=\"text_block-1091-8\" class=\"ct-text-block title\" >Pro d\u011bti<\/div><div id=\"text_block-1092-8\" class=\"ct-text-block txt\" >Stalo se tradic\u00ed \u010dast\u00e9 po\u0159\u00e1d\u00e1n\u00ed oh\u0148\u016f a grilov\u00e1n\u00ed pro na\u0161e hosty a sout\u011b\u017ee pro d\u011bti...a dal\u0161\u00ed.<br>N\u00e1\u0161 person\u00e1l pro v\u00e1s r\u00e1d zorganizuje r\u016fzn\u00e9 druhy turnaj\u016f, od kule\u010dn\u00edku p\u0159es pl\u00e1\u017eov\u00fd volejbal a\u017e po fotbal na h\u0159i\u0161ti v centru Rewalu. Je tak\u00e9 mo\u017en\u00e9 si zap\u016fj\u010dit vybaven\u00ed na Nordic Walking.<br><\/div><a id=\"link_text-1173-8\" class=\"ct-link-text btn\" href=\"https:\/\/noclegi.net.pl\/przewodnik\/70\" target=\"_blank\"  >Zaj\u00edmavosti<\/a><\/div><\/div><\/section><section id=\"section-1189-8\" class=\"ct-section\" style=\"background-image:linear-gradient(rgba(255,255,255,0.84), rgba(255,255,255,0.84)), url(https:\/\/soleil-rewal.pl\/wp-content\/uploads\/2022\/02\/Frame-1-19.jpg);background-size:auto,  cover;\" ><div class=\"ct-section-inner-wrap\"><div id=\"div_block-1190-8\" class=\"ct-div-block w60\" ><div id=\"div_block-1191-8\" class=\"ct-div-block\" ><div id=\"text_block-1192-8\" class=\"ct-text-block subtitle\" >aktivn\u00ed odpo\u010dinek<\/div><div id=\"text_block-1193-8\" class=\"ct-text-block title\" >Zaj\u00edmavosti<\/div><div id=\"new_columns-1194-8\" class=\"ct-new-columns\" ><div id=\"div_block-1195-8\" class=\"ct-div-block\" ><div id=\"text_block-1196-8\" class=\"ct-text-block txt\" >V are\u00e1lu je mo\u017en\u00e9 po\u0159\u00e1dat i dal\u0161\u00ed, za p\u0159\u00edplatek placen\u00e9 formy aktivn\u00edho odpo\u010dinku - paintball, p\u016fj\u010dovnu \u010dty\u0159kolek, bugin, vodn\u00edch sk\u00fatr\u016f, rezervace vstupenek na p\u0159edstaven\u00ed v amfite\u00e1tru a vstupenek na atrakce, kter\u00e9 stoj\u00ed za vid\u011bn\u00ed jak v Rewalu, tak v okol\u00ed.<\/div><\/div><\/div><a id=\"link_text-1199-8\" class=\"ct-link-text btn\" href=\"https:\/\/soleil-rewal.pl\/wp-content\/uploads\/2022\/04\/Swiateczna-oferta-cateringowa-2022r.pdf\" target=\"_blank\"  >Nab\u00eddka v\u00e1no\u010dn\u00edho cateringu<\/a><\/div><\/div><div id=\"div_block-1200-8\" class=\"ct-div-block w40\" ><div id=\"div_block-1201-8\" class=\"ct-div-block\"  data-aos=\"fade\" data-aos-duration=\"900\"><div id=\"code_block-1208-8\" class=\"ct-code-block\" ><video autoplay=\"\" loop=\"\" muted=\"\" playsinline=\"\" style=\"width:100%;height:100%;object-fit:cover\">\n    <source src=\"https:\/\/soleil-rewal.pl\/wp-content\/uploads\/2022\/06\/Wideo.mov\" type=\"video\/mp4\">\n <\/video><\/div><\/div><\/div><\/div><\/section>","protected":false},"excerpt":{"rendered":"","protected":false},"author":3,"featured_media":0,"parent":0,"menu_order":0,"comment_status":"closed","ping_status":"closed","template":"","meta":{"_acf_changed":false,"footnotes":""},"class_list":["post-8","page","type-page","status-publish","hentry"],"acf":[],"_links":{"self":[{"href":"https:\/\/soleil-rewal.pl\/cz\/wp-json\/wp\/v2\/pages\/8","targetHints":{"allow":["GET"]}}],"collection":[{"href":"https:\/\/soleil-rewal.pl\/cz\/wp-json\/wp\/v2\/pages"}],"about":[{"href":"https:\/\/soleil-rewal.pl\/cz\/wp-json\/wp\/v2\/types\/page"}],"author":[{"embeddable":true,"href":"https:\/\/soleil-rewal.pl\/cz\/wp-json\/wp\/v2\/users\/3"}],"replies":[{"embeddable":true,"href":"https:\/\/soleil-rewal.pl\/cz\/wp-json\/wp\/v2\/comments?post=8"}],"version-history":[{"count":69,"href":"https:\/\/soleil-rewal.pl\/cz\/wp-json\/wp\/v2\/pages\/8\/revisions"}],"predecessor-version":[{"id":1301,"href":"https:\/\/soleil-rewal.pl\/cz\/wp-json\/wp\/v2\/pages\/8\/revisions\/1301"}],"wp:attachment":[{"href":"https:\/\/soleil-rewal.pl\/cz\/wp-json\/wp\/v2\/media?parent=8"}],"curies":[{"name":"wp","href":"https:\/\/api.w.org\/{rel}","templated":true}]}}